{"id":1874,"date":"2015-02-12T12:52:11","date_gmt":"2015-02-12T11:52:11","guid":{"rendered":"http:\/\/www.ba.itb.cnr.it\/wp\/?page_id=1874"},"modified":"2018-09-06T14:05:42","modified_gmt":"2018-09-06T13:05:42","slug":"eventi","status":"publish","type":"page","link":"https:\/\/www.ba.itb.cnr.it\/wp\/eventi\/","title":{"rendered":"EVENTI"},"content":{"rendered":"<p>L&#8217;Unit\u00e0 Operativa di Bari dell&#8217;Istituto di Tecnologie Biomediche \u00e8 da sempre impegnata nella realizzazione di eventi a carattere locale, nazionale ed internazionale sulle tematiche tipiche delle attivit\u00e0 di ricerca che le competono.<\/p>\n<p>Quello che segue \u00e8 una lista dei pi\u00f9 recenti eventi organizzati:<\/p>\n<ul class=\"lcp_catlist\" id=\"lcp_instance_0\"><li><a href=\"https:\/\/www.ba.itb.cnr.it\/wp\/2021\/09\/goblet-embnet-annual-general-meeting-2021\/\">GOBLET &#038; EMBnet Annual General Meeting 2021<\/a><\/li><li><a href=\"https:\/\/www.ba.itb.cnr.it\/wp\/2021\/04\/webinar-collaborare-per-contrastare-la-pandemia\/\">webinar \u201cCollaborare per contrastare la pandemia\u201d<\/a><\/li><li><a href=\"https:\/\/www.ba.itb.cnr.it\/wp\/2021\/03\/call-for-papers-autoimmunita-e-sistema-nervoso\/\">Call for Papers &#8211; Autoimmunit\u00e0 e Sistema Nervoso<\/a><\/li><li><a href=\"https:\/\/www.ba.itb.cnr.it\/wp\/2021\/02\/covid-19-data-portal-italy\/\">COVID-19 Data Portal Italy<\/a><\/li><li><a href=\"https:\/\/www.ba.itb.cnr.it\/wp\/2021\/01\/videogames-apocalisse-e-alta-cultura\/\">Videogames, Apocalisse e Alta Cultura<\/a><\/li><li><a href=\"https:\/\/www.ba.itb.cnr.it\/wp\/2020\/10\/embnet-conference-2020-le-sessioni\/\">EMBnet Conference 2020 &#8211; le sessioni<\/a><\/li><li><a href=\"https:\/\/www.ba.itb.cnr.it\/wp\/2020\/09\/webinar-medicina-di-precisione-in-pediatria-biotecnologie-e-applicazioni-per-lo-sviluppo-e-la-salute\/\">Webinar Medicina di Precisione in Pediatria &#8211; Biotecnologie e applicazioni per lo sviluppo e la salute<\/a><\/li><li><a href=\"https:\/\/www.ba.itb.cnr.it\/wp\/2020\/09\/embnet-conference-2020\/\">EMBnet Conference 2020<\/a><\/li><li><a href=\"https:\/\/www.ba.itb.cnr.it\/wp\/2018\/09\/charme-wg5-think-tank-meeting-2018\/\">CHARME WG5 Think Tank meeting 2018<\/a><\/li><li><a href=\"https:\/\/www.ba.itb.cnr.it\/wp\/2018\/09\/1-congresso-nazionale-nutrigenomica-e-alimentazione\/\">1\u00b0 Congresso Nazionale Nutrigenomica e Alimentazione<\/a><\/li><li><a href=\"https:\/\/www.ba.itb.cnr.it\/wp\/2016\/07\/reproducibility-standards-and-sop-in-bioinformatics-combined-charme-embnet-and-nettab-2016-workshop\/\">Reproducibility, standards and SOP in bioinformatics, &#8211; Combined CHARME \u2013 EMBnet and NETTAB 2016 Workshop<\/a><\/li><li><a href=\"https:\/\/www.ba.itb.cnr.it\/wp\/2015\/07\/nettab-2015-aperte-le-registrazioni-al-congresso-e-ai-tutorial\/\">NETTAB 2015, aperte le registrazioni al congresso e ai tutorial<\/a><\/li><li><a href=\"https:\/\/www.ba.itb.cnr.it\/wp\/2015\/05\/nettab-integrative-bioinformatics-2015-joint-meeting-october-14-16-2015\/\">NETTAB &#038; Integrative Bioinformatics 2015 joint Meeting, October 14-16, 2015<\/a><\/li><li><a href=\"https:\/\/www.ba.itb.cnr.it\/wp\/2015\/05\/bioforiu-infrastruttura-multidisciplinare-per-lo-studio-e-la-valorizzazione-della-biodiversita-marina-e-terrestre\/\">BIOforIU &#8211; Infrastruttura multidisciplinare per lo studio e la valorizzazione della Biodiversit\u00e0 marina e terrestre<\/a><\/li><li><a href=\"https:\/\/www.ba.itb.cnr.it\/wp\/2015\/05\/litb-bari-partecipa-al-festival-dellinnovazione-2015\/\">L&#8217;ITB Bari partecipa al Festival dell&#8217;Innovazione 2015<\/a><\/li><li><a href=\"https:\/\/www.ba.itb.cnr.it\/wp\/2014\/12\/bip-day-2014-tutto-pronto-per-la-seconda-edizione\/\">BiP-Day 2014, tutto pronto per la seconda edizione!<\/a><\/li><li><a href=\"https:\/\/www.ba.itb.cnr.it\/wp\/2014\/11\/nel-laboratorio-dellitb-bari-cnr-culla-del-gene-alleato-della-chemio\/\">Nel laboratorio dell&#8217;ITB Bari \u2013 CNR, culla del gene alleato della chemio<\/a><\/li><li><a href=\"https:\/\/www.ba.itb.cnr.it\/wp\/2014\/11\/litb-bari-scopre-le-funzioni-della-proteina-trim8-per-rendere-piu-efficace-la-chemio\/\">L&#8217;ITB Bari scopre le funzioni della proteina TRIM8 per rendere pi\u00f9 efficace la chemio<\/a><\/li><li><a href=\"https:\/\/www.ba.itb.cnr.it\/wp\/2014\/09\/sveliamo-lidentita-della-ricerca-la-notte-della-ricerca-2014\/\">Sveliamo l&#8217;identit\u00e0 della Ricerca \u2013 La notte della ricerca, 2014<\/a><\/li><li><a href=\"https:\/\/www.ba.itb.cnr.it\/wp\/2014\/06\/allbio-workshop-bari-2014\/\">AllBio Workshop Bari 2014<\/a><\/li><li><a href=\"https:\/\/www.ba.itb.cnr.it\/wp\/2013\/10\/bip-day-prima-giornata-della-bioinformatica-pugliese\/\">BiP-Day, Prima \u201cGiornata della Bioinformatica Pugliese\u201d<\/a><\/li><li><a href=\"https:\/\/www.ba.itb.cnr.it\/wp\/2013\/05\/percorsi-geniali-scoprire-le-biotecnologie-al-festival-dellinnovazione-2013\/\">\u201cPerCorsi GeniAli &#8211; Scoprire le Biotecnologie\u201d al Festival dell\u2019Innovazione 2013<\/a><\/li><li><a href=\"https:\/\/www.ba.itb.cnr.it\/wp\/2013\/04\/ngs-and-non-coding-rna-data-analysis-bari-2013\/\">NGS and non-coding RNA data analysis, Bari 2013<\/a><\/li><li><a href=\"https:\/\/www.ba.itb.cnr.it\/wp\/2013\/02\/workshop-ngs-and-non-coding-rna-data-analysis-a-bari\/\">workshop &#8220;NGS and non-coding RNA data analysis&#8221; a Bari<\/a><\/li><li><a href=\"https:\/\/www.ba.itb.cnr.it\/wp\/2012\/12\/4-workshop-next-generation-sequencing-epigenomics-bari\/\">4\u00b0 workshop NEXT GENERATION SEQUENCING &#038; EPIGENOMICS &#8211; Bari<\/a><\/li><li><a href=\"https:\/\/www.ba.itb.cnr.it\/wp\/2012\/06\/bioinformatics-meets-biology\/\">Bioinformatics meets Biology<\/a><\/li><li><a href=\"https:\/\/www.ba.itb.cnr.it\/wp\/2011\/10\/l%e2%80%99itb-bari-alla-notte-dei-ricercatori-light2011-foto-e-video\/\">l\u2019ITB Bari alla Notte dei Ricercatori, Light2011: foto e video<\/a><\/li><li><a href=\"https:\/\/www.ba.itb.cnr.it\/wp\/2011\/10\/%e2%80%9clight-2011-la-notte-dei-ricercatori%e2%80%9d-porte-aperte-al-futuro\/\">\u201cLight 2011, La Notte dei Ricercatori\u201d Porte aperte al futuro!<\/a><\/li><li><a href=\"https:\/\/www.ba.itb.cnr.it\/wp\/2011\/09\/ngs-workshop-3-edizione-12-14-ottobre-2011\/\">NGS workshop &#8211; 3^ Edizione, 12-14 Ottobre 2011<\/a><\/li><li><a href=\"https:\/\/www.ba.itb.cnr.it\/wp\/2011\/03\/auguri-italia\/\">auguri Italia!<\/a><\/li><li><a href=\"https:\/\/www.ba.itb.cnr.it\/wp\/2011\/02\/2%c2%b0-incontro-utilizzatori-italiani-454-roche-technology-bari-3-4-marzo-2011\/\">2\u00b0 Incontro Utilizzatori Italiani 454 ROCHE Technology, Bari 3-4 Marzo 2011<\/a><\/li><li><a href=\"https:\/\/www.ba.itb.cnr.it\/wp\/2010\/12\/litb-bari-al-festival-dellinnovazione-2010-il-report\/\">l&#8217;ITB Bari al Festival dell&#8217;Innovazione 2010: il Report<\/a><\/li><li><a href=\"https:\/\/www.ba.itb.cnr.it\/wp\/2010\/12\/itb-bari-festival-innovazione-2010-foto-e-video\/\">l&#8217;ITB Bari al Festival dell&#8217;innovazione 2010: foto e video<\/a><\/li><li><a href=\"https:\/\/www.ba.itb.cnr.it\/wp\/2010\/11\/litb-bari-partecipa-al-festival-dellinnovazione-2010\/\">l\u2019ITB Bari partecipa al Festival dell\u2019Innovazione 2010<\/a><\/li><li><a href=\"https:\/\/www.ba.itb.cnr.it\/wp\/2010\/09\/ngs-workshop-seconda-edizione\/\">NGS Workshop, seconda edizione<\/a><\/li><li><a href=\"https:\/\/www.ba.itb.cnr.it\/wp\/2010\/06\/seminario-biotecnologie-dal-laboratorio-allindustria\/\">Seminario: \u201cLe Biotecnologie dal laboratorio all\u2019industria attraverso lo sviluppo precompetitivo: il ruolo della protezione brevettuale dei risultati della ricerca\u201d<\/a><\/li><li><a href=\"https:\/\/www.ba.itb.cnr.it\/wp\/2010\/04\/next-generation-sequencing-workshop-e-embnet-meeting\/\">Next Generation Sequencing Workshop e EMBnet meeting<\/a><\/li><li><a href=\"https:\/\/www.ba.itb.cnr.it\/wp\/2007\/11\/embrace-workshop-applied-gene-ontology\/\">EMBRACE workshop: \u201cApplied Gene Ontology\u201d<\/a><\/li><\/ul>\n","protected":false},"excerpt":{"rendered":"<p>L&#8217;Unit\u00e0 Operativa di Bari dell&#8217;Istituto di Tecnologie Biomediche \u00e8 da sempre impegnata nella realizzazione di eventi a carattere locale, nazionale ed internazionale sulle tematiche tipiche delle attivit\u00e0 di ricerca che le competono. Quello che segue \u00e8 una lista dei pi\u00f9 recenti eventi organizzati:<\/p>\n","protected":false},"author":1,"featured_media":0,"parent":0,"menu_order":5,"comment_status":"open","ping_status":"closed","template":"","meta":{"_themeisle_gutenberg_block_has_review":false,"footnotes":""},"class_list":["post-1874","page","type-page","status-publish","hentry"],"featured_image_src":null,"featured_image_src_square":null,"jetpack_sharing_enabled":true,"_links":{"self":[{"href":"https:\/\/www.ba.itb.cnr.it\/wp\/wp-json\/wp\/v2\/pages\/1874","targetHints":{"allow":["GET"]}}],"collection":[{"href":"https:\/\/www.ba.itb.cnr.it\/wp\/wp-json\/wp\/v2\/pages"}],"about":[{"href":"https:\/\/www.ba.itb.cnr.it\/wp\/wp-json\/wp\/v2\/types\/page"}],"author":[{"embeddable":true,"href":"https:\/\/www.ba.itb.cnr.it\/wp\/wp-json\/wp\/v2\/users\/1"}],"replies":[{"embeddable":true,"href":"https:\/\/www.ba.itb.cnr.it\/wp\/wp-json\/wp\/v2\/comments?post=1874"}],"version-history":[{"count":0,"href":"https:\/\/www.ba.itb.cnr.it\/wp\/wp-json\/wp\/v2\/pages\/1874\/revisions"}],"wp:attachment":[{"href":"https:\/\/www.ba.itb.cnr.it\/wp\/wp-json\/wp\/v2\/media?parent=1874"}],"curies":[{"name":"wp","href":"https:\/\/api.w.org\/{rel}","templated":true}]}}